{"id":1060,"date":"2021-12-13T17:10:25","date_gmt":"2021-12-13T16:10:25","guid":{"rendered":"http:\/\/lilialehner.de\/?page_id=1060"},"modified":"2024-04-12T13:21:26","modified_gmt":"2024-04-12T11:21:26","slug":"meine-lehrer","status":"publish","type":"page","link":"https:\/\/lilialehner.de\/en\/meine-lehrer\/","title":{"rendered":"Meine Lehrer"},"content":{"rendered":"<div style=\"height:17px\" aria-hidden=\"true\" class=\"wp-block-spacer\"><\/div>\n<p> <strong><a href=\"http:\/\/lilialehner.de\/Schauspielcoaching\" data-type=\"URL\" data-id=\"http:\/\/lilialehner.de\/Schauspielcoaching\">Drehvorbereitung<\/a> || <a href=\"http:\/\/lilialehner.de\/ecasting\" data-type=\"URL\" data-id=\"http:\/\/lilialehner.de\/ecasting\">eCasting<\/a> || <a href=\"http:\/\/lilialehner.de\/kuenstlerpersoenlichkeit\/\" data-type=\"URL\" data-id=\"http:\/\/lilialehner.de\/kuenstlerpersoenlichkeit\/\">K\u00fcnstlerpers\u00f6nlichkeit<\/a><\/strong> <strong>|| <\/strong><a href=\"http:\/\/lilialehner.de\/verhaltenscoaching\/\" data-type=\"URL\" data-id=\"http:\/\/lilialehner.de\/verhaltenscoaching\/\"><strong>Verhaltenscoaching<\/strong><\/a> <strong>|| <\/strong><a href=\"http:\/\/lilialehner.de\/meine-lehrer\" data-type=\"URL\" data-id=\"http:\/\/lilialehner.de\/meine-lehrer\"><strong><span class=\"has-inline-color has-cyan-bluish-gray-color\">Meine Lehrer<\/span><\/strong><\/a><\/p>\n<div style=\"height:10px\" aria-hidden=\"true\" class=\"wp-block-spacer\"><\/div>\n<h3>Meine Lehrer<\/h3>\n<\/p>\n<p>Mein Wissen \u00fcber verschiedenen Schauspielmethoden, neben den Inhalten, die mir in meiner Schauspielausbildung vermittelt wurden, habe ich in meiner \u00fcber 20- j\u00e4hrigen beruflichen Laufbahn angesammelt. Unter anderem:<\/p>\n<p>&#8211; Mehrere Pr\u00e4senzkurse bei<a href=\"http:\/\/www.ivanachubbuck.com\/\">&nbsp;Ivana Chubbuck<\/a><\/p>\n<p>&#8211; Einf\u00fchrung in die Meisner- und Tschechowtechnik sowie regelm\u00e4\u00dfige Trainings bei&nbsp;<a href=\"https:\/\/coachingteamfb.de\/schauspiel\/seminare\/\" data-type=\"URL\" data-id=\"https:\/\/coachingteamfb.de\/schauspiel\/seminare\/\">Frank Betzelt, Berlin<\/a><\/p>\n<p>&#8211; Schauspielcoaching bei <a href=\"https:\/\/coachingteamfb.de\/schauspiel\/seminare\/\" data-type=\"URL\" data-id=\"https:\/\/coachingteamfb.de\/schauspiel\/seminare\/\">Frank Betzelt<\/a> und&nbsp;<a href=\"https:\/\/coachingteamfb.de\/schauspiel\/seminare\/\">Kai Ivo Baulitz<\/a><\/p>\n<p>&#8211; &#8220;Creation Field &#8211; Programm \u201c von&nbsp;<a href=\"http:\/\/teresaharder.de\/creation-field\/\">Teresa Hader<\/a><\/p>\n<p>&#8211; Source tuning bei&nbsp;<a href=\"https:\/\/rothcoaching.com\/de\">Jens Roth<\/a><\/p>\n<p>Meine Coachingausbildung zur Verhaltenscoachin habe ich 2019 bei der Firma\u00a0<a href=\"https:\/\/www.changeways.de\/spezialisten\/lilia-minah\/\">changeways GmbH<\/a> absolviert. Zu unseren Kunden z\u00e4hlen u.a. Porsche, Audi, Vodafon und Telefonica. <\/p>\n<\/p>\n<p>Die Methode der Achtsamkeit habe ich bei <a href=\"https:\/\/www.georglolos.com\" data-type=\"URL\" data-id=\"https:\/\/www.georglolos.com\">Georg Lolos <\/a>gelernt.<\/p>\n<p>Dar\u00fcber hinaus bin ich Dipl. Kulturmanagerin, <a href=\"https:\/\/www.vwa-koeln.de\" data-type=\"URL\" data-id=\"https:\/\/www.vwa-koeln.de\">VWA K\u00f6ln<\/a>.<\/p>\n","protected":false},"excerpt":{"rendered":"<p>Drehvorbereitung || eCasting || K\u00fcnstlerpers\u00f6nlichkeit || Verhaltenscoaching || Meine Lehrer Meine Lehrer Mein Wissen \u00fcber verschiedenen Schauspielmethoden, neben den Inhalten, die mir in meiner Schauspielausbildung vermittelt wurden, habe ich in meiner \u00fcber 20- j\u00e4hrigen beruflichen Laufbahn angesammelt. Unter anderem: &#8211; Mehrere Pr\u00e4senzkurse bei&nbsp;Ivana Chubbuck &#8211; Einf\u00fchrung in die Meisner- und Tschechowtechnik sowie regelm\u00e4\u00dfige Trainings bei&nbsp;Frank [&hellip;]<\/p>\n","protected":false},"author":2,"featured_media":0,"parent":0,"menu_order":0,"comment_status":"closed","ping_status":"closed","template":"","meta":[],"_links":{"self":[{"href":"https:\/\/lilialehner.de\/en\/wp-json\/wp\/v2\/pages\/1060"}],"collection":[{"href":"https:\/\/lilialehner.de\/en\/wp-json\/wp\/v2\/pages"}],"about":[{"href":"https:\/\/lilialehner.de\/en\/wp-json\/wp\/v2\/types\/page"}],"author":[{"embeddable":true,"href":"https:\/\/lilialehner.de\/en\/wp-json\/wp\/v2\/users\/2"}],"replies":[{"embeddable":true,"href":"https:\/\/lilialehner.de\/en\/wp-json\/wp\/v2\/comments?post=1060"}],"version-history":[{"count":7,"href":"https:\/\/lilialehner.de\/en\/wp-json\/wp\/v2\/pages\/1060\/revisions"}],"predecessor-version":[{"id":1253,"href":"https:\/\/lilialehner.de\/en\/wp-json\/wp\/v2\/pages\/1060\/revisions\/1253"}],"wp:attachment":[{"href":"https:\/\/lilialehner.de\/en\/wp-json\/wp\/v2\/media?parent=1060"}],"curies":[{"name":"wp","href":"https:\/\/api.w.org\/{rel}","templated":true}]}}