{"id":41,"date":"2012-02-09T22:21:30","date_gmt":"2012-02-09T21:21:30","guid":{"rendered":"http:\/\/lilialehner.de.dd17638.kasserver.com\/?page_id=41"},"modified":"2016-06-01T16:45:10","modified_gmt":"2016-06-01T14:45:10","slug":"impressum","status":"publish","type":"page","link":"https:\/\/lilialehner.de\/en\/impressum\/","title":{"rendered":"Impressum"},"content":{"rendered":"<p>Anbieterkennzeichnung (nach \u00a7 6 TDG) Herausgeber, verantwortlich und vertretungsberechtigt:<\/p>\n<p>Lilia Lehner, K\u00f6ln<\/p>\n<p>vertreten durch:<br \/>\n<a href=\"http:\/\/www.funke-stertz.de\/index.html\">Funke und Stertz GmbH<\/a><br \/>\n<span style=\"color: #000000;\">Schulterblatt 58<\/span><br style=\"color: #000000;\" \/><span style=\"color: #000000;\">D-20357 Hamburg<\/span><br \/>\n<a href=\"http:\/\/LiliaLehner.de\">http:\/\/LiliaLehner.de<\/a><\/p>\n<p>Fotos \u00a9 <a href=\"http:\/\/steffihennphotography.com\/people.html\">Steffi Henn<\/a>, <a href=\"http:\/\/www.lenaboehm.de\" target=\"_blank\">Lena B\u00f6hm<\/a>,\u00a0<a href=\"http:\/\/www.laion.de\" target=\"_blank\">laion<\/a><\/p>\n<h3 style=\"margin: 0px;\">Haftungshinweis<\/h3>\n\n<p><small><\/small><br \/>\n<small>Alle auf meinen Internet-Seiten enthaltenen Angaben und Informationen wurden sorgf\u00e4ltig recherchiert und gepr\u00fcft. Dennoch kann ich keine Gew\u00e4hr f\u00fcr Fehlerfreiheit, Genauigkeit, Vollst\u00e4ndigkeit und Aktualit\u00e4t \u00fcbernehmen. Jegliche Haftung f\u00fcr Sch\u00e4den, die direkt oder indirekt aus der Benutzung dieser Website entstehen, wird ausgeschlossen, soweit diese nicht auf Vorsatz oder grober Fahrl\u00e4ssigkeit beruhen.<\/small><\/p>\n<p><small>Trotz sorgf\u00e4ltiger inhaltlicher Kontrolle \u00fcbernehme ich keine Haftung f\u00fcr die Inhalte externer Links. F\u00fcr den Inhalt der verlinkten Seiten sind ausschlie\u00dflich deren Betreiber verantwortlich. Ich distanziere mich hiermit ausdr\u00fccklich von den Inhalten aller gelinkten Seiten auf dieser Website und mache mir die Inhalte dieser Seiten ausdr\u00fccklich nicht zueigen.<\/small><\/p>\n<p><small>Zugleich stelle ich ausdr\u00fccklich klar, dass ich keinerlei Einfluss auf die Gestaltung und die Inhalte der gelinkten Seiten habe. Diese Erkl\u00e4rung gilt f\u00fcr alle auf dieser Homepage und ihren Webseiten unmittelbar oder mittelbar erw\u00e4hnten Links und Linkanbieter.<\/small><\/p>","protected":false},"excerpt":{"rendered":"<p>Anbieterkennzeichnung (nach \u00a7 6 TDG) Herausgeber, verantwortlich und vertretungsberechtigt: Lilia Lehner, K\u00f6ln vertreten durch: Funke und Stertz GmbH Schulterblatt 58D-20357 Hamburg http:\/\/LiliaLehner.de Fotos \u00a9 Steffi Henn, Lena B\u00f6hm,\u00a0laion Haftungshinweis Alle auf meinen Internet-Seiten enthaltenen Angaben und Informationen wurden sorgf\u00e4ltig recherchiert und gepr\u00fcft. Dennoch kann ich keine Gew\u00e4hr f\u00fcr Fehlerfreiheit, Genauigkeit, Vollst\u00e4ndigkeit und Aktualit\u00e4t \u00fcbernehmen. Jegliche [&hellip;]<\/p>\n","protected":false},"author":1,"featured_media":0,"parent":0,"menu_order":100,"comment_status":"closed","ping_status":"closed","template":"","meta":[],"_links":{"self":[{"href":"https:\/\/lilialehner.de\/en\/wp-json\/wp\/v2\/pages\/41"}],"collection":[{"href":"https:\/\/lilialehner.de\/en\/wp-json\/wp\/v2\/pages"}],"about":[{"href":"https:\/\/lilialehner.de\/en\/wp-json\/wp\/v2\/types\/page"}],"author":[{"embeddable":true,"href":"https:\/\/lilialehner.de\/en\/wp-json\/wp\/v2\/users\/1"}],"replies":[{"embeddable":true,"href":"https:\/\/lilialehner.de\/en\/wp-json\/wp\/v2\/comments?post=41"}],"version-history":[{"count":30,"href":"https:\/\/lilialehner.de\/en\/wp-json\/wp\/v2\/pages\/41\/revisions"}],"predecessor-version":[{"id":1148,"href":"https:\/\/lilialehner.de\/en\/wp-json\/wp\/v2\/pages\/41\/revisions\/1148"}],"wp:attachment":[{"href":"https:\/\/lilialehner.de\/en\/wp-json\/wp\/v2\/media?parent=41"}],"curies":[{"name":"wp","href":"https:\/\/api.w.org\/{rel}","templated":true}]}}