{"id":985,"date":"2021-12-13T16:23:17","date_gmt":"2021-12-13T15:23:17","guid":{"rendered":"http:\/\/lilialehner.de\/?page_id=985"},"modified":"2024-04-12T13:16:21","modified_gmt":"2024-04-12T11:16:21","slug":"ecasting","status":"publish","type":"page","link":"https:\/\/lilialehner.de\/en\/ecasting\/","title":{"rendered":"e-Casting"},"content":{"rendered":"<div style=\"height:17px\" aria-hidden=\"true\" class=\"wp-block-spacer\"><\/div>\n<p><strong><a href=\"http:\/\/lilialehner.de\/Schauspielcoaching\" data-type=\"URL\" data-id=\"http:\/\/lilialehner.de\/Schauspielcoaching\">Drehvorbereitung<\/a> || <a href=\"http:\/\/lilialehner.de\/ecasting\" data-type=\"URL\" data-id=\"http:\/\/lilialehner.de\/ecasting\"><span class=\"has-inline-color has-cyan-bluish-gray-color\">eCasting<\/span><\/a> || <a href=\"http:\/\/lilialehner.de\/kuenstlerpersoenlichkeit\/\" data-type=\"URL\" data-id=\"http:\/\/lilialehner.de\/kuenstlerpersoenlichkeit\/\">K\u00fcnstlerpers\u00f6nlichkeit<\/a><\/strong> <strong>|| <\/strong><a href=\"http:\/\/lilialehner.de\/verhaltenscoaching\/\" data-type=\"URL\" data-id=\"http:\/\/lilialehner.de\/verhaltenscoaching\/\"><strong>Verhaltenscoaching<\/strong><\/a> <strong>|| <\/strong><a href=\"http:\/\/lilialehner.de\/meine-lehrer\" data-type=\"URL\" data-id=\"http:\/\/lilialehner.de\/meine-lehrer\"><strong>Meine Lehrer<\/strong><\/a>  <\/p>\n<div style=\"height:10px\" aria-hidden=\"true\" class=\"wp-block-spacer\"><\/div>\n<h3>e-Casting<\/h3>\n<p>Gemeinsam finden wir heraus, was dich einzigartig f\u00fcr die Rolle macht und warum du sie spielen musst. Wir arbeiten daran, deine Pers\u00f6nlichkeit so pr\u00e4gnant wie m\u00f6glich herauszuarbeiten, damit du im Vorsprechen gl\u00e4nzen kannst. Wir analysieren den Text und die Rolle eingehend und k\u00f6nnen die Szene auch aufnehmen, wenn du m\u00f6chtest. Ich stehe dir als Spielpartnerin zur Verf\u00fcgung, um realistisch in die Szene einzutauchen.<\/p>\n<\/p>\n<div style=\"height:10px\" aria-hidden=\"true\" class=\"wp-block-spacer\"><\/div>\n<div class=\"wp-block-columns\">\n<div class=\"wp-block-column\" style=\"flex-basis:66.66%\"><\/div>\n<div class=\"wp-block-column\" style=\"flex-basis:33.33%\">\n<div class=\"wp-container-1 wp-block-buttons\">\n<div class=\"wp-block-button is-style-outline\"><a class=\"wp-block-button__link\" href=\"http:\/\/lilialehner.de\/contact-forms\/\">Schreib mir!<\/a><\/div>\n<\/div>\n<\/div>\n<\/div>\n","protected":false},"excerpt":{"rendered":"<p>Drehvorbereitung || eCasting || K\u00fcnstlerpers\u00f6nlichkeit || Verhaltenscoaching || Meine Lehrer e-Casting Gemeinsam finden wir heraus, was dich einzigartig f\u00fcr die Rolle macht und warum du sie spielen musst. Wir arbeiten daran, deine Pers\u00f6nlichkeit so pr\u00e4gnant wie m\u00f6glich herauszuarbeiten, damit du im Vorsprechen gl\u00e4nzen kannst. Wir analysieren den Text und die Rolle eingehend und k\u00f6nnen die [&hellip;]<\/p>\n","protected":false},"author":2,"featured_media":0,"parent":0,"menu_order":0,"comment_status":"closed","ping_status":"closed","template":"","meta":[],"_links":{"self":[{"href":"https:\/\/lilialehner.de\/en\/wp-json\/wp\/v2\/pages\/985"}],"collection":[{"href":"https:\/\/lilialehner.de\/en\/wp-json\/wp\/v2\/pages"}],"about":[{"href":"https:\/\/lilialehner.de\/en\/wp-json\/wp\/v2\/types\/page"}],"author":[{"embeddable":true,"href":"https:\/\/lilialehner.de\/en\/wp-json\/wp\/v2\/users\/2"}],"replies":[{"embeddable":true,"href":"https:\/\/lilialehner.de\/en\/wp-json\/wp\/v2\/comments?post=985"}],"version-history":[{"count":13,"href":"https:\/\/lilialehner.de\/en\/wp-json\/wp\/v2\/pages\/985\/revisions"}],"predecessor-version":[{"id":1241,"href":"https:\/\/lilialehner.de\/en\/wp-json\/wp\/v2\/pages\/985\/revisions\/1241"}],"wp:attachment":[{"href":"https:\/\/lilialehner.de\/en\/wp-json\/wp\/v2\/media?parent=985"}],"curies":[{"name":"wp","href":"https:\/\/api.w.org\/{rel}","templated":true}]}}