{"id":993,"date":"2021-12-13T16:27:40","date_gmt":"2021-12-13T15:27:40","guid":{"rendered":"http:\/\/lilialehner.de\/?page_id=993"},"modified":"2024-04-12T13:18:40","modified_gmt":"2024-04-12T11:18:40","slug":"drehvorbereitung-und-rollenarbeit","status":"publish","type":"page","link":"https:\/\/lilialehner.de\/en\/drehvorbereitung-und-rollenarbeit\/","title":{"rendered":"Drehvorbereitung und Rollenarbeit"},"content":{"rendered":"<div style=\"height:17px\" aria-hidden=\"true\" class=\"wp-block-spacer\"><\/div>\n<p><strong><a href=\"http:\/\/lilialehner.de\/drehvorbereitung-und-rollenarbeit\/\" data-type=\"URL\" data-id=\"http:\/\/lilialehner.de\/drehvorbereitung-und-rollenarbeit\/\"><span class=\"has-inline-color has-cyan-bluish-gray-color\">Drehvorbereitung<\/span><\/a> || <a href=\"http:\/\/lilialehner.de\/ecasting\" data-type=\"URL\" data-id=\"http:\/\/lilialehner.de\/ecasting\">eCasting<\/a> || <a href=\"http:\/\/lilialehner.de\/kuenstlerpersoenlichkeit\/\" data-type=\"URL\" data-id=\"http:\/\/lilialehner.de\/kuenstlerpersoenlichkeit\/\">K\u00fcnstlerpers\u00f6nlichkeit<\/a><\/strong> <strong>|| <\/strong><a href=\"http:\/\/lilialehner.de\/verhaltenscoaching\/\" data-type=\"URL\" data-id=\"http:\/\/lilialehner.de\/verhaltenscoaching\/\"><strong>Verhaltenscoaching<\/strong><\/a> <strong>|| <\/strong><a href=\"http:\/\/lilialehner.de\/meine-lehrer\" data-type=\"URL\" data-id=\"http:\/\/lilialehner.de\/meine-lehrer\"><strong>Meine Lehrer<\/strong><\/a>  <\/p>\n<div style=\"height:10px\" aria-hidden=\"true\" class=\"wp-block-spacer\"><\/div>\n<h3>Drehvorbereitung und Rollenarbeit<\/h3>\n<p>Ich stehe dir gerne zur Seite, um dich optimal auf deine Rolle und die Dreharbeiten vorzubereiten. Mit meiner langj\u00e4hrigen Erfahrung am Set verstehe ich genau, welche Anforderungen dort auf dich zukommen. Oft herrscht Zeitdruck, und Regisseure sind mit technischen Fragen besch\u00e4ftigt, wodurch sie sich dir m\u00f6glicherweise nur begrenzt widmen k\u00f6nnen. Deine Rollenarbeit muss bis zum Drehtag solide stehen, inklusive einer klaren Vorstellung der Szenen. Eine sorgf\u00e4ltige Vorbereitung und ein tiefes Verst\u00e4ndnis f\u00fcr die Rolle sind entscheidend, damit du deine Kreativit\u00e4t frei entfalten kannst.<\/p>\n<p>Mein Wissen \u00fcber die Anforderungen am Set wird durch eine Vielzahl von Methoden erg\u00e4nzt, die ich im Laufe der Zeit kennengelernt habe, wie Chubbuck, Source Tuning, Tschechow, Strasberg und Stanislawski. Gemeinsam entscheiden wir, welche Methoden dir pers\u00f6nlich helfen und dich n\u00e4her an deine Wahrheit bringen.<\/p>\n<\/p>\n<div style=\"height:10px\" aria-hidden=\"true\" class=\"wp-block-spacer\"><\/div>\n<\/p>\n<div class=\"wp-block-columns\">\n<div class=\"wp-block-column\" style=\"flex-basis:66.66%\"><\/div>\n<div class=\"wp-block-column\" style=\"flex-basis:33.33%\">\n<div class=\"wp-container-1 wp-block-buttons\">\n<div class=\"wp-block-button is-style-outline\"><a class=\"wp-block-button__link\" href=\"http:\/\/lilialehner.de\/contact-forms\/\">Schreib mir!<\/a><\/div>\n<\/div>\n<\/div>\n<\/div>\n","protected":false},"excerpt":{"rendered":"<p>Drehvorbereitung || eCasting || K\u00fcnstlerpers\u00f6nlichkeit || Verhaltenscoaching || Meine Lehrer Drehvorbereitung und Rollenarbeit Ich stehe dir gerne zur Seite, um dich optimal auf deine Rolle und die Dreharbeiten vorzubereiten. Mit meiner langj\u00e4hrigen Erfahrung am Set verstehe ich genau, welche Anforderungen dort auf dich zukommen. Oft herrscht Zeitdruck, und Regisseure sind mit technischen Fragen besch\u00e4ftigt, wodurch [&hellip;]<\/p>\n","protected":false},"author":2,"featured_media":0,"parent":0,"menu_order":0,"comment_status":"closed","ping_status":"closed","template":"","meta":[],"_links":{"self":[{"href":"https:\/\/lilialehner.de\/en\/wp-json\/wp\/v2\/pages\/993"}],"collection":[{"href":"https:\/\/lilialehner.de\/en\/wp-json\/wp\/v2\/pages"}],"about":[{"href":"https:\/\/lilialehner.de\/en\/wp-json\/wp\/v2\/types\/page"}],"author":[{"embeddable":true,"href":"https:\/\/lilialehner.de\/en\/wp-json\/wp\/v2\/users\/2"}],"replies":[{"embeddable":true,"href":"https:\/\/lilialehner.de\/en\/wp-json\/wp\/v2\/comments?post=993"}],"version-history":[{"count":10,"href":"https:\/\/lilialehner.de\/en\/wp-json\/wp\/v2\/pages\/993\/revisions"}],"predecessor-version":[{"id":1245,"href":"https:\/\/lilialehner.de\/en\/wp-json\/wp\/v2\/pages\/993\/revisions\/1245"}],"wp:attachment":[{"href":"https:\/\/lilialehner.de\/en\/wp-json\/wp\/v2\/media?parent=993"}],"curies":[{"name":"wp","href":"https:\/\/api.w.org\/{rel}","templated":true}]}}